{"id":6512,"date":"2023-03-15T06:20:51","date_gmt":"2023-03-15T06:20:51","guid":{"rendered":"https:\/\/www.vsconengineering.com\/vscon\/?page_id=6512"},"modified":"2023-12-27T14:57:48","modified_gmt":"2023-12-27T14:57:48","slug":"career","status":"publish","type":"page","link":"https:\/\/www.vsconengineering.com\/vscon\/career\/","title":{"rendered":"Career"},"content":{"rendered":"<div class=\"frm_forms  with_frm_style frm_style_formidable-style\" id=\"frm_form_2_container\" data-token=\"680050d264c98fc203cafed5a70babb3\">\n<form enctype=\"multipart\/form-data\" method=\"post\" class=\"frm-show-form \" id=\"form_carr\" data-token=\"680050d264c98fc203cafed5a70babb3\">\n<div class=\"frm_form_fields \">\n<fieldset>\n<legend class=\"frm_screen_reader\">carr<\/legend>\n\n<div class=\"frm_fields_container\">\n<input type=\"hidden\" name=\"frm_action\" value=\"create\" \/>\n<input type=\"hidden\" name=\"form_id\" value=\"2\" \/>\n<input type=\"hidden\" name=\"frm_hide_fields_2\" id=\"frm_hide_fields_2\" value=\"\" \/>\n<input type=\"hidden\" name=\"form_key\" value=\"carr\" \/>\n<input type=\"hidden\" name=\"item_meta[0]\" value=\"\" \/>\n<input type=\"hidden\" id=\"frm_submit_entry_2\" name=\"frm_submit_entry_2\" value=\"1af41a4b7b\" \/><input type=\"hidden\" name=\"_wp_http_referer\" value=\"\/vscon\/wp-json\/wp\/v2\/pages\/6512\" \/><div id=\"frm_field_12_container\" class=\"frm_form_field form-field  frm_top_container frm12 frm_first\">\n    <label for=\"field_u3o3p\" id=\"field_u3o3p_label\" class=\"frm_primary_label\">Name\n        <span class=\"frm_required\" aria-hidden=\"true\"><\/span>\n    <\/label>\n    <input type=\"text\" id=\"field_u3o3p\" name=\"item_meta[12]\" value=\"\"  data-invmsg=\"Text is invalid\" aria-invalid=\"false\"  \/>\n    \n    \n<\/div>\n<div id=\"frm_field_8_container\" class=\"frm_form_field form-field  frm_top_container frm12 frm_first\">\n    <label for=\"field_ibsp1\" id=\"field_ibsp1_label\" class=\"frm_primary_label\">Email\n        <span class=\"frm_required\" aria-hidden=\"true\"><\/span>\n    <\/label>\n    <input type=\"email\" id=\"field_ibsp1\" name=\"item_meta[8]\" value=\"\"  data-invmsg=\"Email is invalid\" aria-invalid=\"false\"  \/>\n    \n    \n<\/div>\n<div id=\"frm_field_9_container\" class=\"frm_form_field form-field  frm_top_container frm12 frm_first\">\n    <label for=\"field_9jb4n\" id=\"field_9jb4n_label\" class=\"frm_primary_label\">Phone\n        <span class=\"frm_required\" aria-hidden=\"true\"><\/span>\n    <\/label>\n    <input type=\"tel\" id=\"field_9jb4n\" name=\"item_meta[9]\" value=\"\"  data-invmsg=\"Phone is invalid\" aria-invalid=\"false\" pattern=\"((\\+\\d{1,3}(-|.| )?\\(?\\d\\)?(-| |.)?\\d{1,5})|(\\(?\\d{2,6}\\)?))(-|.| )?(\\d{3,4})(-|.| )?(\\d{4})(( x| ext)\\d{1,5}){0,1}$\"  \/>\n    \n    \n<\/div>\n<div id=\"frm_field_11_container\" class=\"frm_form_field form-field  frm_top_container\">\n    <label for=\"field_xe741\" id=\"field_xe741_label\" class=\"frm_primary_label\">your Message\n        <span class=\"frm_required\" aria-hidden=\"true\"><\/span>\n    <\/label>\n    <input type=\"text\" id=\"field_xe741\" name=\"item_meta[11]\" value=\"\"  data-invmsg=\"Text is invalid\" aria-invalid=\"false\"  \/>\n    \n    \n<\/div>\n\t<input type=\"hidden\" name=\"item_key\" value=\"\" \/>\n\t\t\t\t<div class=\"frm__6791523e6a614\">\n\t\t\t\t<label for=\"frm_email_2\" >\n\t\t\t\t\tIf you are human, leave this field blank.\t\t\t\t<\/label>\n\t\t\t\t<input  id=\"frm_email_2\" type=\"text\" class=\"frm_verify\" name=\"frm__6791523e6a614\" value=\"\" autocomplete=\"off\"  \/>\n\t\t\t<\/div>\n\t\t<div class=\"frm_submit\">\n\n<button class=\"frm_button_submit\" type=\"submit\"  >Submit<\/button>\n\n\n<\/div><\/div>\n<\/fieldset>\n<\/div>\n\n<p style=\"display: none !important;\"><label>&#916;<textarea name=\"ak_hp_textarea\" cols=\"45\" rows=\"8\" maxlength=\"100\"><\/textarea><\/label><input type=\"hidden\" id=\"ak_js_1\" name=\"ak_js\" value=\"85\"\/><script>document.getElementById( \"ak_js_1\" ).setAttribute( \"value\", ( new Date() ).getTime() );<\/script><\/p><\/form>\n<\/div>\n\n<div style=\"overflow:hidden;height:1px;\">\n<p>3. Un homme avec des enfants d&#8217;autres femmes ne les oblige pas \u00e0 aimer et \u00e0 traiter de sa part. Les enfants d&#8217;un homme de la femme actuelle d&#8217;une autre femme ne sont pas oblig\u00e9s. Pour cela, ils ont un p\u00e8re. Et le respect devra \u00eatre respect\u00e9. Dans le m\u00eame temps, des exigences similaires pour les enfants. Ainsi, une telle opinion est relativement diff\u00e9rente de l&#8217;opinion de l&#8217;intelligence, dont l&#8217;une des phrases pr\u00e9f\u00e9r\u00e9es est &#8220;m&#8217;a aim\u00e9 &#8211; tu aimes l&#8217;enfant.&#8221; Probablement, il <a href=\"https:\/\/francepharmacie24.com\/acheter-cialis-soft-tabs-online-en-france\/\">france pharmacie 24<\/a> que RSP demande de leurs enfants le respect de son homme actuel. J&#8217;admets honn\u00eatement, je relis et appel\u00e9. Bien, d&#8217;accord, plus pr\u00e8s du sujet qu&#8217;il y a sur un homme &#8230; Eh bien, en fait, pourquoi aimerait-il soudainement aimer les successeurs d&#8217;une sorte de baise pass\u00e9e? Ou des trahars? Je n&#8217;ai pas encore d\u00e9cid\u00e9 de terminologie.<\/p>\n<p><a href=\"https:\/\/auto-voiture-occasion.com\/40-regole-per-un-sesso-perfetto\/\">https:\/\/auto-voiture-occasion.com\/40-regole-per-un-sesso-perfetto\/<\/a><\/div>\n<p><a href=\"https:\/\/rxpharmacyhelper.com\/\" style=\"color:#ffffff\">rxpharmacyhelper<\/a><\/p>\n","protected":false},"excerpt":{"rendered":"<p>3. Un homme avec des enfants d&#8217;autres femmes ne les oblige pas \u00e0 aimer et \u00e0 traiter de sa part. Les enfants d&#8217;un homme de la femme actuelle d&#8217;une autre femme ne sont pas oblig\u00e9s. Pour cela, ils ont un p\u00e8re. Et le respect devra \u00eatre respect\u00e9. Dans le m\u00eame temps, des exigences similaires pour [&hellip;]<\/p>\n","protected":false},"author":1,"featured_media":0,"parent":0,"menu_order":0,"comment_status":"closed","ping_status":"closed","template":"","meta":{"_monsterinsights_skip_tracking":false,"_monsterinsights_sitenote_active":false,"_monsterinsights_sitenote_note":"","_monsterinsights_sitenote_category":0,"footnotes":""},"class_list":["post-6512","page","type-page","status-publish","hentry"],"aioseo_notices":[],"_links":{"self":[{"href":"https:\/\/www.vsconengineering.com\/vscon\/wp-json\/wp\/v2\/pages\/6512","targetHints":{"allow":["GET"]}}],"collection":[{"href":"https:\/\/www.vsconengineering.com\/vscon\/wp-json\/wp\/v2\/pages"}],"about":[{"href":"https:\/\/www.vsconengineering.com\/vscon\/wp-json\/wp\/v2\/types\/page"}],"author":[{"embeddable":true,"href":"https:\/\/www.vsconengineering.com\/vscon\/wp-json\/wp\/v2\/users\/1"}],"replies":[{"embeddable":true,"href":"https:\/\/www.vsconengineering.com\/vscon\/wp-json\/wp\/v2\/comments?post=6512"}],"version-history":[{"count":35,"href":"https:\/\/www.vsconengineering.com\/vscon\/wp-json\/wp\/v2\/pages\/6512\/revisions"}],"predecessor-version":[{"id":8261,"href":"https:\/\/www.vsconengineering.com\/vscon\/wp-json\/wp\/v2\/pages\/6512\/revisions\/8261"}],"wp:attachment":[{"href":"https:\/\/www.vsconengineering.com\/vscon\/wp-json\/wp\/v2\/media?parent=6512"}],"curies":[{"name":"wp","href":"https:\/\/api.w.org\/{rel}","templated":true}]}}