{"id":6233,"date":"2023-01-25T08:43:18","date_gmt":"2023-01-25T08:43:18","guid":{"rendered":"https:\/\/www.vsconengineering.com\/vscon\/?page_id=6233"},"modified":"2023-12-27T14:57:46","modified_gmt":"2023-12-27T14:57:46","slug":"certificates","status":"publish","type":"page","link":"https:\/\/www.vsconengineering.com\/vscon\/certificates\/","title":{"rendered":"Certificates"},"content":{"rendered":"\t\t<div data-elementor-type=\"wp-page\" data-elementor-id=\"6233\" class=\"elementor elementor-6233\">\n\t\t\t\t\t\t<section class=\"elementor-section elementor-top-section elementor-element elementor-element-1f9248d elementor-section-boxed elementor-section-height-default elementor-section-height-default\" data-id=\"1f9248d\" data-element_type=\"section\">\n\t\t\t\t\t\t<div class=\"elementor-container elementor-column-gap-default\">\n\t\t\t\t\t<div class=\"elementor-column elementor-col-33 elementor-top-column elementor-element elementor-element-32963dd\" data-id=\"32963dd\" data-element_type=\"column\">\n\t\t\t<div class=\"elementor-widget-wrap elementor-element-populated\">\n\t\t\t\t\t\t<div class=\"elementor-element elementor-element-2fcc5de elementor-widget elementor-widget-image\" data-id=\"2fcc5de\" data-element_type=\"widget\" data-widget_type=\"image.default\">\n\t\t\t\t<div class=\"elementor-widget-container\">\n\t\t\t\t\t\t\t\t\t\t\t\t\t\t\t<img fetchpriority=\"high\" decoding=\"async\" width=\"600\" height=\"849\" src=\"https:\/\/www.vsconengineering.com\/vscon\/wp-content\/uploads\/2023\/01\/IATF-169492016.jpg\" class=\"attachment-large size-large wp-image-6236\" alt=\"\" srcset=\"https:\/\/www.vsconengineering.com\/vscon\/wp-content\/uploads\/2023\/01\/IATF-169492016.jpg 600w, https:\/\/www.vsconengineering.com\/vscon\/wp-content\/uploads\/2023\/01\/IATF-169492016-212x300.jpg 212w\" sizes=\"(max-width: 600px) 100vw, 600px\" \/>\t\t\t\t\t\t\t\t\t\t\t\t\t\t\t<\/div>\n\t\t\t\t<\/div>\n\t\t\t\t\t<\/div>\n\t\t<\/div>\n\t\t\t\t<div class=\"elementor-column elementor-col-33 elementor-top-column elementor-element elementor-element-baac279\" data-id=\"baac279\" data-element_type=\"column\">\n\t\t\t<div class=\"elementor-widget-wrap elementor-element-populated\">\n\t\t\t\t\t\t<div class=\"elementor-element elementor-element-d2576cf elementor-widget elementor-widget-image\" data-id=\"d2576cf\" data-element_type=\"widget\" data-widget_type=\"image.default\">\n\t\t\t\t<div class=\"elementor-widget-container\">\n\t\t\t\t\t\t\t\t\t\t\t\t\t\t\t<img decoding=\"async\" width=\"600\" height=\"848\" src=\"https:\/\/www.vsconengineering.com\/vscon\/wp-content\/uploads\/2023\/01\/iso.jpg\" class=\"attachment-large size-large wp-image-6237\" alt=\"\" srcset=\"https:\/\/www.vsconengineering.com\/vscon\/wp-content\/uploads\/2023\/01\/iso.jpg 600w, https:\/\/www.vsconengineering.com\/vscon\/wp-content\/uploads\/2023\/01\/iso-212x300.jpg 212w\" sizes=\"(max-width: 600px) 100vw, 600px\" \/>\t\t\t\t\t\t\t\t\t\t\t\t\t\t\t<\/div>\n\t\t\t\t<\/div>\n\t\t\t\t\t<\/div>\n\t\t<\/div>\n\t\t\t\t<div class=\"elementor-column elementor-col-33 elementor-top-column elementor-element elementor-element-107c515\" data-id=\"107c515\" data-element_type=\"column\">\n\t\t\t<div class=\"elementor-widget-wrap elementor-element-populated\">\n\t\t\t\t\t\t<div class=\"elementor-element elementor-element-cc461c3 elementor-widget elementor-widget-image\" data-id=\"cc461c3\" data-element_type=\"widget\" data-widget_type=\"image.default\">\n\t\t\t\t<div class=\"elementor-widget-container\">\n\t\t\t\t\t\t\t\t\t\t\t\t\t\t\t<img decoding=\"async\" width=\"600\" height=\"848\" src=\"https:\/\/www.vsconengineering.com\/vscon\/wp-content\/uploads\/2023\/01\/RoHS2.jpg\" class=\"attachment-large size-large wp-image-6239\" alt=\"\" srcset=\"https:\/\/www.vsconengineering.com\/vscon\/wp-content\/uploads\/2023\/01\/RoHS2.jpg 600w, https:\/\/www.vsconengineering.com\/vscon\/wp-content\/uploads\/2023\/01\/RoHS2-212x300.jpg 212w\" sizes=\"(max-width: 600px) 100vw, 600px\" \/>\t\t\t\t\t\t\t\t\t\t\t\t\t\t\t<\/div>\n\t\t\t\t<\/div>\n\t\t\t\t\t<\/div>\n\t\t<\/div>\n\t\t\t\t\t<\/div>\n\t\t<\/section>\n\t\t\t\t<section class=\"elementor-section elementor-top-section elementor-element elementor-element-e231a1b elementor-section-boxed elementor-section-height-default elementor-section-height-default\" data-id=\"e231a1b\" data-element_type=\"section\">\n\t\t\t\t\t\t<div class=\"elementor-container elementor-column-gap-default\">\n\t\t\t\t\t<div class=\"elementor-column elementor-col-33 elementor-top-column elementor-element elementor-element-3b22850\" data-id=\"3b22850\" data-element_type=\"column\">\n\t\t\t<div class=\"elementor-widget-wrap elementor-element-populated\">\n\t\t\t\t\t\t<div class=\"elementor-element elementor-element-b5688e0 elementor-widget elementor-widget-heading\" data-id=\"b5688e0\" data-element_type=\"widget\" data-widget_type=\"heading.default\">\n\t\t\t\t<div class=\"elementor-widget-container\">\n\t\t\t\t\t<h6 class=\"elementor-heading-title elementor-size-default\">IATF 16949:2016<\/h6>\t\t\t\t<\/div>\n\t\t\t\t<\/div>\n\t\t\t\t\t<\/div>\n\t\t<\/div>\n\t\t\t\t<div class=\"elementor-column elementor-col-33 elementor-top-column elementor-element elementor-element-b5333ed\" data-id=\"b5333ed\" data-element_type=\"column\">\n\t\t\t<div class=\"elementor-widget-wrap elementor-element-populated\">\n\t\t\t\t\t\t<div class=\"elementor-element elementor-element-81aa3f3 elementor-widget elementor-widget-heading\" data-id=\"81aa3f3\" data-element_type=\"widget\" data-widget_type=\"heading.default\">\n\t\t\t\t<div class=\"elementor-widget-container\">\n\t\t\t\t\t<h6 class=\"elementor-heading-title elementor-size-default\">ISO 9001:2015<\/h6>\t\t\t\t<\/div>\n\t\t\t\t<\/div>\n\t\t\t\t\t<\/div>\n\t\t<\/div>\n\t\t\t\t<div class=\"elementor-column elementor-col-33 elementor-top-column elementor-element elementor-element-13cd49f\" data-id=\"13cd49f\" data-element_type=\"column\">\n\t\t\t<div class=\"elementor-widget-wrap elementor-element-populated\">\n\t\t\t\t\t\t<div class=\"elementor-element elementor-element-d2f3652 elementor-widget elementor-widget-heading\" data-id=\"d2f3652\" data-element_type=\"widget\" data-widget_type=\"heading.default\">\n\t\t\t\t<div class=\"elementor-widget-container\">\n\t\t\t\t\t<h6 class=\"elementor-heading-title elementor-size-default\">RoHS 2 CERTIFICATE<\/h6>\t\t\t\t<\/div>\n\t\t\t\t<\/div>\n\t\t\t\t\t<\/div>\n\t\t<\/div>\n\t\t\t\t\t<\/div>\n\t\t<\/section>\n\t\t\t\t<section class=\"elementor-section elementor-top-section elementor-element elementor-element-5dd0752 elementor-section-boxed elementor-section-height-default elementor-section-height-default\" data-id=\"5dd0752\" data-element_type=\"section\">\n\t\t\t\t\t\t<div class=\"elementor-container elementor-column-gap-default\">\n\t\t\t\t\t<div class=\"elementor-column elementor-col-33 elementor-top-column elementor-element elementor-element-3f4c895\" data-id=\"3f4c895\" data-element_type=\"column\">\n\t\t\t<div class=\"elementor-widget-wrap elementor-element-populated\">\n\t\t\t\t\t\t<div class=\"elementor-element elementor-element-727b124 elementor-widget elementor-widget-image\" data-id=\"727b124\" data-element_type=\"widget\" data-widget_type=\"image.default\">\n\t\t\t\t<div class=\"elementor-widget-container\">\n\t\t\t\t\t\t\t\t\t\t\t\t\t\t\t<img loading=\"lazy\" decoding=\"async\" width=\"600\" height=\"848\" src=\"https:\/\/www.vsconengineering.com\/vscon\/wp-content\/uploads\/2023\/01\/CE.jpg\" class=\"attachment-large size-large wp-image-6235\" alt=\"\" srcset=\"https:\/\/www.vsconengineering.com\/vscon\/wp-content\/uploads\/2023\/01\/CE.jpg 600w, https:\/\/www.vsconengineering.com\/vscon\/wp-content\/uploads\/2023\/01\/CE-212x300.jpg 212w\" sizes=\"(max-width: 600px) 100vw, 600px\" \/>\t\t\t\t\t\t\t\t\t\t\t\t\t\t\t<\/div>\n\t\t\t\t<\/div>\n\t\t\t\t\t<\/div>\n\t\t<\/div>\n\t\t\t\t<div class=\"elementor-column elementor-col-33 elementor-top-column elementor-element elementor-element-f9bf23a\" data-id=\"f9bf23a\" data-element_type=\"column\">\n\t\t\t<div class=\"elementor-widget-wrap elementor-element-populated\">\n\t\t\t\t\t\t<div class=\"elementor-element elementor-element-8144b53 elementor-widget elementor-widget-image\" data-id=\"8144b53\" data-element_type=\"widget\" data-widget_type=\"image.default\">\n\t\t\t\t<div class=\"elementor-widget-container\">\n\t\t\t\t\t\t\t\t\t\t\t\t\t\t\t<img loading=\"lazy\" decoding=\"async\" width=\"600\" height=\"847\" src=\"https:\/\/www.vsconengineering.com\/vscon\/wp-content\/uploads\/2023\/01\/MSME.jpg\" class=\"attachment-large size-large wp-image-6238\" alt=\"\" srcset=\"https:\/\/www.vsconengineering.com\/vscon\/wp-content\/uploads\/2023\/01\/MSME.jpg 600w, https:\/\/www.vsconengineering.com\/vscon\/wp-content\/uploads\/2023\/01\/MSME-213x300.jpg 213w\" sizes=\"(max-width: 600px) 100vw, 600px\" \/>\t\t\t\t\t\t\t\t\t\t\t\t\t\t\t<\/div>\n\t\t\t\t<\/div>\n\t\t\t\t\t<\/div>\n\t\t<\/div>\n\t\t\t\t<div class=\"elementor-column elementor-col-33 elementor-top-column elementor-element elementor-element-115ce8e\" data-id=\"115ce8e\" data-element_type=\"column\">\n\t\t\t<div class=\"elementor-widget-wrap elementor-element-populated\">\n\t\t\t\t\t\t<div class=\"elementor-element elementor-element-2138e7d elementor-widget elementor-widget-image\" data-id=\"2138e7d\" data-element_type=\"widget\" data-widget_type=\"image.default\">\n\t\t\t\t<div class=\"elementor-widget-container\">\n\t\t\t\t\t\t\t\t\t\t\t\t\t\t\t<img loading=\"lazy\" decoding=\"async\" width=\"600\" height=\"849\" src=\"https:\/\/www.vsconengineering.com\/vscon\/wp-content\/uploads\/2023\/01\/ZED.jpg\" class=\"attachment-large size-large wp-image-6240\" alt=\"\" srcset=\"https:\/\/www.vsconengineering.com\/vscon\/wp-content\/uploads\/2023\/01\/ZED.jpg 600w, https:\/\/www.vsconengineering.com\/vscon\/wp-content\/uploads\/2023\/01\/ZED-212x300.jpg 212w\" sizes=\"(max-width: 600px) 100vw, 600px\" \/>\t\t\t\t\t\t\t\t\t\t\t\t\t\t\t<\/div>\n\t\t\t\t<\/div>\n\t\t\t\t\t<\/div>\n\t\t<\/div>\n\t\t\t\t\t<\/div>\n\t\t<\/section>\n\t\t\t\t<section class=\"elementor-section elementor-top-section elementor-element elementor-element-3a90f65 elementor-section-boxed elementor-section-height-default elementor-section-height-default\" data-id=\"3a90f65\" data-element_type=\"section\">\n\t\t\t\t\t\t<div class=\"elementor-container elementor-column-gap-default\">\n\t\t\t\t\t<div class=\"elementor-column elementor-col-33 elementor-top-column elementor-element elementor-element-6f628b0\" data-id=\"6f628b0\" data-element_type=\"column\">\n\t\t\t<div class=\"elementor-widget-wrap elementor-element-populated\">\n\t\t\t\t\t\t<div class=\"elementor-element elementor-element-4c4170f elementor-widget elementor-widget-heading\" data-id=\"4c4170f\" data-element_type=\"widget\" data-widget_type=\"heading.default\">\n\t\t\t\t<div class=\"elementor-widget-container\">\n\t\t\t\t\t<h6 class=\"elementor-heading-title elementor-size-default\">CERTIFICATION OF REGISTRATION<\/h6>\t\t\t\t<\/div>\n\t\t\t\t<\/div>\n\t\t\t\t\t<\/div>\n\t\t<\/div>\n\t\t\t\t<div class=\"elementor-column elementor-col-33 elementor-top-column elementor-element elementor-element-983ba83\" data-id=\"983ba83\" data-element_type=\"column\">\n\t\t\t<div class=\"elementor-widget-wrap elementor-element-populated\">\n\t\t\t\t\t\t<div class=\"elementor-element elementor-element-8dc359a elementor-widget elementor-widget-heading\" data-id=\"8dc359a\" data-element_type=\"widget\" data-widget_type=\"heading.default\">\n\t\t\t\t<div class=\"elementor-widget-container\">\n\t\t\t\t\t<h6 class=\"elementor-heading-title elementor-size-default\">UDYAM CERTIFICATE<\/h6>\t\t\t\t<\/div>\n\t\t\t\t<\/div>\n\t\t\t\t\t<\/div>\n\t\t<\/div>\n\t\t\t\t<div class=\"elementor-column elementor-col-33 elementor-top-column elementor-element elementor-element-734cbbf\" data-id=\"734cbbf\" data-element_type=\"column\">\n\t\t\t<div class=\"elementor-widget-wrap elementor-element-populated\">\n\t\t\t\t\t\t<div class=\"elementor-element elementor-element-114f23e elementor-widget elementor-widget-heading\" data-id=\"114f23e\" data-element_type=\"widget\" data-widget_type=\"heading.default\">\n\t\t\t\t<div class=\"elementor-widget-container\">\n\t\t\t\t\t<h6 class=\"elementor-heading-title elementor-size-default\">MSME  ZED CERTIFICATION<\/h6>\t\t\t\t<\/div>\n\t\t\t\t<\/div>\n\t\t\t\t\t<\/div>\n\t\t<\/div>\n\t\t\t\t\t<\/div>\n\t\t<\/section>\n\t\t\t\t<section class=\"elementor-section elementor-top-section elementor-element elementor-element-9a7262d elementor-section-boxed elementor-section-height-default elementor-section-height-default\" data-id=\"9a7262d\" data-element_type=\"section\">\n\t\t\t\t\t\t<div class=\"elementor-container elementor-column-gap-default\">\n\t\t\t\t\t<div class=\"elementor-column elementor-col-33 elementor-top-column elementor-element elementor-element-87fba96\" data-id=\"87fba96\" data-element_type=\"column\">\n\t\t\t<div class=\"elementor-widget-wrap\">\n\t\t\t\t\t\t\t<\/div>\n\t\t<\/div>\n\t\t\t\t<div class=\"elementor-column elementor-col-33 elementor-top-column elementor-element elementor-element-589e474\" data-id=\"589e474\" data-element_type=\"column\">\n\t\t\t<div class=\"elementor-widget-wrap elementor-element-populated\">\n\t\t\t\t\t\t<div class=\"elementor-element elementor-element-f37e378 elementor-widget elementor-widget-image\" data-id=\"f37e378\" data-element_type=\"widget\" data-widget_type=\"image.default\">\n\t\t\t\t<div class=\"elementor-widget-container\">\n\t\t\t\t\t\t\t\t\t\t\t\t\t\t\t<img loading=\"lazy\" decoding=\"async\" width=\"600\" height=\"847\" src=\"https:\/\/www.vsconengineering.com\/vscon\/wp-content\/uploads\/2023\/01\/ZED-bronze.jpg\" class=\"attachment-large size-large wp-image-6241\" alt=\"\" srcset=\"https:\/\/www.vsconengineering.com\/vscon\/wp-content\/uploads\/2023\/01\/ZED-bronze.jpg 600w, https:\/\/www.vsconengineering.com\/vscon\/wp-content\/uploads\/2023\/01\/ZED-bronze-213x300.jpg 213w\" sizes=\"(max-width: 600px) 100vw, 600px\" \/>\t\t\t\t\t\t\t\t\t\t\t\t\t\t\t<\/div>\n\t\t\t\t<\/div>\n\t\t\t\t\t<\/div>\n\t\t<\/div>\n\t\t\t\t<div class=\"elementor-column elementor-col-33 elementor-top-column elementor-element elementor-element-f3526e6\" data-id=\"f3526e6\" data-element_type=\"column\">\n\t\t\t<div class=\"elementor-widget-wrap\">\n\t\t\t\t\t\t\t<\/div>\n\t\t<\/div>\n\t\t\t\t\t<\/div>\n\t\t<\/section>\n\t\t\t\t<section class=\"elementor-section elementor-top-section elementor-element elementor-element-ba03c5d elementor-section-boxed elementor-section-height-default elementor-section-height-default\" data-id=\"ba03c5d\" data-element_type=\"section\">\n\t\t\t\t\t\t<div class=\"elementor-container elementor-column-gap-default\">\n\t\t\t\t\t<div class=\"elementor-column elementor-col-33 elementor-top-column elementor-element elementor-element-4c26776\" data-id=\"4c26776\" data-element_type=\"column\">\n\t\t\t<div class=\"elementor-widget-wrap\">\n\t\t\t\t\t\t\t<\/div>\n\t\t<\/div>\n\t\t\t\t<div class=\"elementor-column elementor-col-33 elementor-top-column elementor-element elementor-element-b87cc5b\" data-id=\"b87cc5b\" data-element_type=\"column\">\n\t\t\t<div class=\"elementor-widget-wrap elementor-element-populated\">\n\t\t\t\t\t\t<div class=\"elementor-element elementor-element-35417d8 elementor-widget elementor-widget-heading\" data-id=\"35417d8\" data-element_type=\"widget\" data-widget_type=\"heading.default\">\n\t\t\t\t<div class=\"elementor-widget-container\">\n\t\t\t\t\t<h6 class=\"elementor-heading-title elementor-size-default\">ZED BRONZE CERTIFICATE<\/h6>\t\t\t\t<\/div>\n\t\t\t\t<\/div>\n\t\t\t\t\t<\/div>\n\t\t<\/div>\n\t\t\t\t<div class=\"elementor-column elementor-col-33 elementor-top-column elementor-element elementor-element-88216b3\" data-id=\"88216b3\" data-element_type=\"column\">\n\t\t\t<div class=\"elementor-widget-wrap\">\n\t\t\t\t\t\t\t<\/div>\n\t\t<\/div>\n\t\t\t\t\t<\/div>\n\t\t<\/section>\n\t\t\t\t<\/div>\n\t\t","protected":false},"excerpt":{"rendered":"<p>IATF 16949:2016 ISO 9001:2015 RoHS 2 CERTIFICATE CERTIFICATION OF REGISTRATION UDYAM CERTIFICATE MSME ZED CERTIFICATION ZED BRONZE CERTIFICATE V\u0161etko to neza\u010dalo. Zostal som pri um\u00fdvadle, strie\u013eam kontaktn\u00e9 \u0161o\u0161ovky a zrazu som si myslel: \u00d3, st\u00e1le m\u00e1m sex predt\u00fdm, ako idem spa\u0165. https:\/\/lekarenslovenska.com\/ na troch de\u0165och mojej matky, t\u00e1to my\u0161lienka nebola in\u0161pirovan\u00e1. Nie, \u017ee sex pre [&hellip;]<\/p>\n","protected":false},"author":1,"featured_media":0,"parent":0,"menu_order":0,"comment_status":"closed","ping_status":"closed","template":"","meta":{"_monsterinsights_skip_tracking":false,"_monsterinsights_sitenote_active":false,"_monsterinsights_sitenote_note":"","_monsterinsights_sitenote_category":0,"footnotes":""},"class_list":["post-6233","page","type-page","status-publish","hentry"],"aioseo_notices":[],"_links":{"self":[{"href":"https:\/\/www.vsconengineering.com\/vscon\/wp-json\/wp\/v2\/pages\/6233","targetHints":{"allow":["GET"]}}],"collection":[{"href":"https:\/\/www.vsconengineering.com\/vscon\/wp-json\/wp\/v2\/pages"}],"about":[{"href":"https:\/\/www.vsconengineering.com\/vscon\/wp-json\/wp\/v2\/types\/page"}],"author":[{"embeddable":true,"href":"https:\/\/www.vsconengineering.com\/vscon\/wp-json\/wp\/v2\/users\/1"}],"replies":[{"embeddable":true,"href":"https:\/\/www.vsconengineering.com\/vscon\/wp-json\/wp\/v2\/comments?post=6233"}],"version-history":[{"count":42,"href":"https:\/\/www.vsconengineering.com\/vscon\/wp-json\/wp\/v2\/pages\/6233\/revisions"}],"predecessor-version":[{"id":8260,"href":"https:\/\/www.vsconengineering.com\/vscon\/wp-json\/wp\/v2\/pages\/6233\/revisions\/8260"}],"wp:attachment":[{"href":"https:\/\/www.vsconengineering.com\/vscon\/wp-json\/wp\/v2\/media?parent=6233"}],"curies":[{"name":"wp","href":"https:\/\/api.w.org\/{rel}","templated":true}]}}